{"id":868,"date":"2024-12-16T07:42:57","date_gmt":"2024-12-16T06:42:57","guid":{"rendered":"https:\/\/steredennvor.fr\/?page_id=868"},"modified":"2026-01-18T11:29:21","modified_gmt":"2026-01-18T10:29:21","slug":"composition-du-conseil-dadministration","status":"publish","type":"page","link":"https:\/\/steredennvor.fr\/index.php\/composition-du-conseil-dadministration\/","title":{"rendered":"Composition du Conseil d&rsquo;Administration"},"content":{"rendered":"<p><strong><span style=\"font-size: 14pt;\">Suite \u00e0 l&rsquo;Assembl\u00e9e G\u00e9n\u00e9rale du 16 janvier 2026, le Conseil d&rsquo;Administration se compose des membres suivants :<\/span><\/strong><\/p>\n<p>Brigitte BARREAU, B\u00e9atrice BERNARD, Francis BRUCELLE, Vincent BUSTAMENTE, Patrick CHANOINE, Patrick DAHLEM, Thierry GUENEZAN, Claude HUCHET, Jean-Michel LE CLERE, Alain LELOUP, Alain LORIEUX, Pierre-Yves MAHE, Gilles MARTIN,\u00a0 Jacques PITHOIS, Olivier MERLIN, Mich\u00e8le MIOSSEC, Patrick ROBARD, Yannick VALLEE.<\/p>\n<p>Sont \u00e9galement membres statutaires du CA, mais sans voix d\u00e9lib\u00e9rative : Franck EPAUD et Emmanuel ROY.<\/p>\n<h3><em>\u00a0<\/em><\/h3>\n","protected":false},"excerpt":{"rendered":"<p>Suite \u00e0 l&rsquo;Assembl\u00e9e G\u00e9n\u00e9rale du 16 janvier 2026, le Conseil d&rsquo;Administration se compose des membres suivants : Brigitte BARREAU, B\u00e9atrice BERNARD, Francis BRUCELLE, Vincent BUSTAMENTE, Patrick CHANOINE, Patrick DAHLEM, Thierry [&hellip;]<\/p>\n","protected":false},"author":2,"featured_media":0,"parent":0,"menu_order":0,"comment_status":"closed","ping_status":"closed","template":"","meta":{"footnotes":""},"class_list":["post-868","page","type-page","status-publish","hentry","entry"],"yoast_head":"<!-- This site is optimized with the Yoast SEO plugin v27.3 - https:\/\/yoast.com\/product\/yoast-seo-wordpress\/ -->\n<title>Composition du Conseil d&#039;Administration - STEREDENN VOR<\/title>\n<meta name=\"robots\" content=\"index, follow, max-snippet:-1, max-image-preview:large, max-video-preview:-1\" \/>\n<link rel=\"canonical\" href=\"https:\/\/steredennvor.fr\/index.php\/composition-du-conseil-dadministration\/\" \/>\n<meta property=\"og:locale\" content=\"fr_FR\" \/>\n<meta property=\"og:type\" content=\"article\" \/>\n<meta property=\"og:title\" content=\"Composition du Conseil d&#039;Administration - STEREDENN VOR\" \/>\n<meta property=\"og:description\" content=\"Suite \u00e0 l&rsquo;Assembl\u00e9e G\u00e9n\u00e9rale du 16 janvier 2026, le Conseil d&rsquo;Administration se compose des membres suivants : Brigitte BARREAU, B\u00e9atrice BERNARD, Francis BRUCELLE, Vincent BUSTAMENTE, Patrick CHANOINE, Patrick DAHLEM, Thierry [&hellip;]\" \/>\n<meta property=\"og:url\" content=\"https:\/\/steredennvor.fr\/index.php\/composition-du-conseil-dadministration\/\" \/>\n<meta property=\"og:site_name\" content=\"STEREDENN VOR\" \/>\n<meta property=\"article:modified_time\" content=\"2026-01-18T10:29:21+00:00\" \/>\n<meta name=\"twitter:card\" content=\"summary_large_image\" \/>\n<meta name=\"twitter:label1\" content=\"Dur\u00e9e de lecture estim\u00e9e\" \/>\n\t<meta name=\"twitter:data1\" content=\"1 minute\" \/>\n<script type=\"application\/ld+json\" class=\"yoast-schema-graph\">{\"@context\":\"https:\\\/\\\/schema.org\",\"@graph\":[{\"@type\":\"WebPage\",\"@id\":\"https:\\\/\\\/steredennvor.fr\\\/index.php\\\/composition-du-conseil-dadministration\\\/\",\"url\":\"https:\\\/\\\/steredennvor.fr\\\/index.php\\\/composition-du-conseil-dadministration\\\/\",\"name\":\"Composition du Conseil d'Administration - STEREDENN VOR\",\"isPartOf\":{\"@id\":\"https:\\\/\\\/steredennvor.fr\\\/#website\"},\"datePublished\":\"2024-12-16T06:42:57+00:00\",\"dateModified\":\"2026-01-18T10:29:21+00:00\",\"breadcrumb\":{\"@id\":\"https:\\\/\\\/steredennvor.fr\\\/index.php\\\/composition-du-conseil-dadministration\\\/#breadcrumb\"},\"inLanguage\":\"fr-FR\",\"potentialAction\":[{\"@type\":\"ReadAction\",\"target\":[\"https:\\\/\\\/steredennvor.fr\\\/index.php\\\/composition-du-conseil-dadministration\\\/\"]}]},{\"@type\":\"BreadcrumbList\",\"@id\":\"https:\\\/\\\/steredennvor.fr\\\/index.php\\\/composition-du-conseil-dadministration\\\/#breadcrumb\",\"itemListElement\":[{\"@type\":\"ListItem\",\"position\":1,\"name\":\"Accueil\",\"item\":\"https:\\\/\\\/steredennvor.fr\\\/\"},{\"@type\":\"ListItem\",\"position\":2,\"name\":\"Composition du Conseil d&rsquo;Administration\"}]},{\"@type\":\"WebSite\",\"@id\":\"https:\\\/\\\/steredennvor.fr\\\/#website\",\"url\":\"https:\\\/\\\/steredennvor.fr\\\/\",\"name\":\"STEREDENN VOR\",\"description\":\"ASSOCIATION STEREDENN VOR - LA TURBALLE\",\"publisher\":{\"@id\":\"https:\\\/\\\/steredennvor.fr\\\/#organization\"},\"potentialAction\":[{\"@type\":\"SearchAction\",\"target\":{\"@type\":\"EntryPoint\",\"urlTemplate\":\"https:\\\/\\\/steredennvor.fr\\\/?s={search_term_string}\"},\"query-input\":{\"@type\":\"PropertyValueSpecification\",\"valueRequired\":true,\"valueName\":\"search_term_string\"}}],\"inLanguage\":\"fr-FR\"},{\"@type\":\"Organization\",\"@id\":\"https:\\\/\\\/steredennvor.fr\\\/#organization\",\"name\":\"Association STEREDENN VOR\",\"url\":\"https:\\\/\\\/steredennvor.fr\\\/\",\"logo\":{\"@type\":\"ImageObject\",\"inLanguage\":\"fr-FR\",\"@id\":\"https:\\\/\\\/steredennvor.fr\\\/#\\\/schema\\\/logo\\\/image\\\/\",\"url\":\"https:\\\/\\\/steredennvor.fr\\\/wp-content\\\/uploads\\\/2024\\\/12\\\/logo-steredenn-vor-grand-format-20X20.png\",\"contentUrl\":\"https:\\\/\\\/steredennvor.fr\\\/wp-content\\\/uploads\\\/2024\\\/12\\\/logo-steredenn-vor-grand-format-20X20.png\",\"width\":1039,\"height\":1064,\"caption\":\"Association STEREDENN VOR\"},\"image\":{\"@id\":\"https:\\\/\\\/steredennvor.fr\\\/#\\\/schema\\\/logo\\\/image\\\/\"}}]}<\/script>\n<!-- \/ Yoast SEO plugin. -->","yoast_head_json":{"title":"Composition du Conseil d'Administration - STEREDENN VOR","robots":{"index":"index","follow":"follow","max-snippet":"max-snippet:-1","max-image-preview":"max-image-preview:large","max-video-preview":"max-video-preview:-1"},"canonical":"https:\/\/steredennvor.fr\/index.php\/composition-du-conseil-dadministration\/","og_locale":"fr_FR","og_type":"article","og_title":"Composition du Conseil d'Administration - STEREDENN VOR","og_description":"Suite \u00e0 l&rsquo;Assembl\u00e9e G\u00e9n\u00e9rale du 16 janvier 2026, le Conseil d&rsquo;Administration se compose des membres suivants : Brigitte BARREAU, B\u00e9atrice BERNARD, Francis BRUCELLE, Vincent BUSTAMENTE, Patrick CHANOINE, Patrick DAHLEM, Thierry [&hellip;]","og_url":"https:\/\/steredennvor.fr\/index.php\/composition-du-conseil-dadministration\/","og_site_name":"STEREDENN VOR","article_modified_time":"2026-01-18T10:29:21+00:00","twitter_card":"summary_large_image","twitter_misc":{"Dur\u00e9e de lecture estim\u00e9e":"1 minute"},"schema":{"@context":"https:\/\/schema.org","@graph":[{"@type":"WebPage","@id":"https:\/\/steredennvor.fr\/index.php\/composition-du-conseil-dadministration\/","url":"https:\/\/steredennvor.fr\/index.php\/composition-du-conseil-dadministration\/","name":"Composition du Conseil d'Administration - STEREDENN VOR","isPartOf":{"@id":"https:\/\/steredennvor.fr\/#website"},"datePublished":"2024-12-16T06:42:57+00:00","dateModified":"2026-01-18T10:29:21+00:00","breadcrumb":{"@id":"https:\/\/steredennvor.fr\/index.php\/composition-du-conseil-dadministration\/#breadcrumb"},"inLanguage":"fr-FR","potentialAction":[{"@type":"ReadAction","target":["https:\/\/steredennvor.fr\/index.php\/composition-du-conseil-dadministration\/"]}]},{"@type":"BreadcrumbList","@id":"https:\/\/steredennvor.fr\/index.php\/composition-du-conseil-dadministration\/#breadcrumb","itemListElement":[{"@type":"ListItem","position":1,"name":"Accueil","item":"https:\/\/steredennvor.fr\/"},{"@type":"ListItem","position":2,"name":"Composition du Conseil d&rsquo;Administration"}]},{"@type":"WebSite","@id":"https:\/\/steredennvor.fr\/#website","url":"https:\/\/steredennvor.fr\/","name":"STEREDENN VOR","description":"ASSOCIATION STEREDENN VOR - LA TURBALLE","publisher":{"@id":"https:\/\/steredennvor.fr\/#organization"},"potentialAction":[{"@type":"SearchAction","target":{"@type":"EntryPoint","urlTemplate":"https:\/\/steredennvor.fr\/?s={search_term_string}"},"query-input":{"@type":"PropertyValueSpecification","valueRequired":true,"valueName":"search_term_string"}}],"inLanguage":"fr-FR"},{"@type":"Organization","@id":"https:\/\/steredennvor.fr\/#organization","name":"Association STEREDENN VOR","url":"https:\/\/steredennvor.fr\/","logo":{"@type":"ImageObject","inLanguage":"fr-FR","@id":"https:\/\/steredennvor.fr\/#\/schema\/logo\/image\/","url":"https:\/\/steredennvor.fr\/wp-content\/uploads\/2024\/12\/logo-steredenn-vor-grand-format-20X20.png","contentUrl":"https:\/\/steredennvor.fr\/wp-content\/uploads\/2024\/12\/logo-steredenn-vor-grand-format-20X20.png","width":1039,"height":1064,"caption":"Association STEREDENN VOR"},"image":{"@id":"https:\/\/steredennvor.fr\/#\/schema\/logo\/image\/"}}]}},"_links":{"self":[{"href":"https:\/\/steredennvor.fr\/index.php\/wp-json\/wp\/v2\/pages\/868","targetHints":{"allow":["GET"]}}],"collection":[{"href":"https:\/\/steredennvor.fr\/index.php\/wp-json\/wp\/v2\/pages"}],"about":[{"href":"https:\/\/steredennvor.fr\/index.php\/wp-json\/wp\/v2\/types\/page"}],"author":[{"embeddable":true,"href":"https:\/\/steredennvor.fr\/index.php\/wp-json\/wp\/v2\/users\/2"}],"replies":[{"embeddable":true,"href":"https:\/\/steredennvor.fr\/index.php\/wp-json\/wp\/v2\/comments?post=868"}],"version-history":[{"count":11,"href":"https:\/\/steredennvor.fr\/index.php\/wp-json\/wp\/v2\/pages\/868\/revisions"}],"predecessor-version":[{"id":3533,"href":"https:\/\/steredennvor.fr\/index.php\/wp-json\/wp\/v2\/pages\/868\/revisions\/3533"}],"wp:attachment":[{"href":"https:\/\/steredennvor.fr\/index.php\/wp-json\/wp\/v2\/media?parent=868"}],"curies":[{"name":"wp","href":"https:\/\/api.w.org\/{rel}","templated":true}]}}