{"id":3490,"date":"2026-01-17T08:46:04","date_gmt":"2026-01-17T07:46:04","guid":{"rendered":"https:\/\/steredennvor.fr\/?page_id=3490"},"modified":"2026-01-17T08:46:04","modified_gmt":"2026-01-17T07:46:04","slug":"assemblee-generale-du-16-01-2026","status":"publish","type":"page","link":"https:\/\/steredennvor.fr\/index.php\/photos-steredenn-vor\/assemblee-generale-du-16-01-2026\/","title":{"rendered":"Assembl\u00e9e G\u00e9n\u00e9rale du 16\/01\/2026"},"content":{"rendered":"<div id='gallery-1' class='gallery galleryid-3490 gallery-columns-4 gallery-size-thumbnail'><figure class='gallery-item'>\n\t\t\t<div class='gallery-icon landscape'>\n\t\t\t\t<a href='https:\/\/steredennvor.fr\/wp-content\/uploads\/2026\/01\/20260116_193217.jpg'><img decoding=\"async\" width=\"150\" height=\"150\" src=\"https:\/\/steredennvor.fr\/wp-content\/uploads\/2026\/01\/20260116_193217-150x150.jpg\" class=\"attachment-thumbnail size-thumbnail\" alt=\"\" srcset=\"https:\/\/steredennvor.fr\/wp-content\/uploads\/2026\/01\/20260116_193217-150x150.jpg 150w, https:\/\/steredennvor.fr\/wp-content\/uploads\/2026\/01\/20260116_193217-600x600.jpg 600w\" sizes=\"(max-width: 150px) 100vw, 150px\" \/><\/a>\n\t\t\t<\/div><\/figure><figure class='gallery-item'>\n\t\t\t<div class='gallery-icon landscape'>\n\t\t\t\t<a href='https:\/\/steredennvor.fr\/wp-content\/uploads\/2026\/01\/20260116_193235.jpg'><img decoding=\"async\" width=\"150\" height=\"150\" src=\"https:\/\/steredennvor.fr\/wp-content\/uploads\/2026\/01\/20260116_193235-150x150.jpg\" class=\"attachment-thumbnail size-thumbnail\" alt=\"\" srcset=\"https:\/\/steredennvor.fr\/wp-content\/uploads\/2026\/01\/20260116_193235-150x150.jpg 150w, https:\/\/steredennvor.fr\/wp-content\/uploads\/2026\/01\/20260116_193235-600x600.jpg 600w\" sizes=\"(max-width: 150px) 100vw, 150px\" \/><\/a>\n\t\t\t<\/div><\/figure><figure class='gallery-item'>\n\t\t\t<div class='gallery-icon landscape'>\n\t\t\t\t<a href='https:\/\/steredennvor.fr\/wp-content\/uploads\/2026\/01\/20260116_193247.jpg'><img decoding=\"async\" width=\"150\" height=\"150\" src=\"https:\/\/steredennvor.fr\/wp-content\/uploads\/2026\/01\/20260116_193247-150x150.jpg\" class=\"attachment-thumbnail size-thumbnail\" alt=\"\" srcset=\"https:\/\/steredennvor.fr\/wp-content\/uploads\/2026\/01\/20260116_193247-150x150.jpg 150w, https:\/\/steredennvor.fr\/wp-content\/uploads\/2026\/01\/20260116_193247-600x600.jpg 600w\" sizes=\"(max-width: 150px) 100vw, 150px\" \/><\/a>\n\t\t\t<\/div><\/figure><figure class='gallery-item'>\n\t\t\t<div class='gallery-icon landscape'>\n\t\t\t\t<a href='https:\/\/steredennvor.fr\/wp-content\/uploads\/2026\/01\/20260116_205904.jpg'><img decoding=\"async\" width=\"150\" height=\"150\" src=\"https:\/\/steredennvor.fr\/wp-content\/uploads\/2026\/01\/20260116_205904-150x150.jpg\" class=\"attachment-thumbnail size-thumbnail\" alt=\"\" srcset=\"https:\/\/steredennvor.fr\/wp-content\/uploads\/2026\/01\/20260116_205904-150x150.jpg 150w, https:\/\/steredennvor.fr\/wp-content\/uploads\/2026\/01\/20260116_205904-600x600.jpg 600w\" sizes=\"(max-width: 150px) 100vw, 150px\" \/><\/a>\n\t\t\t<\/div><\/figure><figure class='gallery-item'>\n\t\t\t<div class='gallery-icon landscape'>\n\t\t\t\t<a href='https:\/\/steredennvor.fr\/wp-content\/uploads\/2026\/01\/20260116_205917.jpg'><img decoding=\"async\" width=\"150\" height=\"150\" src=\"https:\/\/steredennvor.fr\/wp-content\/uploads\/2026\/01\/20260116_205917-150x150.jpg\" class=\"attachment-thumbnail size-thumbnail\" alt=\"\" srcset=\"https:\/\/steredennvor.fr\/wp-content\/uploads\/2026\/01\/20260116_205917-150x150.jpg 150w, https:\/\/steredennvor.fr\/wp-content\/uploads\/2026\/01\/20260116_205917-600x600.jpg 600w\" sizes=\"(max-width: 150px) 100vw, 150px\" \/><\/a>\n\t\t\t<\/div><\/figure><figure class='gallery-item'>\n\t\t\t<div class='gallery-icon landscape'>\n\t\t\t\t<a href='https:\/\/steredennvor.fr\/wp-content\/uploads\/2026\/01\/IMG-20260116-WA0003.jpg'><img decoding=\"async\" width=\"150\" height=\"150\" src=\"https:\/\/steredennvor.fr\/wp-content\/uploads\/2026\/01\/IMG-20260116-WA0003-150x150.jpg\" class=\"attachment-thumbnail size-thumbnail\" alt=\"\" srcset=\"https:\/\/steredennvor.fr\/wp-content\/uploads\/2026\/01\/IMG-20260116-WA0003-150x150.jpg 150w, https:\/\/steredennvor.fr\/wp-content\/uploads\/2026\/01\/IMG-20260116-WA0003-600x600.jpg 600w\" sizes=\"(max-width: 150px) 100vw, 150px\" \/><\/a>\n\t\t\t<\/div><\/figure>\n\t\t<\/div>\n\n","protected":false},"excerpt":{"rendered":"","protected":false},"author":2,"featured_media":0,"parent":426,"menu_order":25,"comment_status":"closed","ping_status":"closed","template":"","meta":{"footnotes":""},"class_list":["post-3490","page","type-page","status-publish","hentry","entry"],"yoast_head":"<!-- This site is optimized with the Yoast SEO plugin v27.3 - https:\/\/yoast.com\/product\/yoast-seo-wordpress\/ -->\n<title>Assembl\u00e9e G\u00e9n\u00e9rale du 16\/01\/2026 - STEREDENN VOR<\/title>\n<meta name=\"robots\" content=\"index, follow, max-snippet:-1, max-image-preview:large, max-video-preview:-1\" \/>\n<link rel=\"canonical\" href=\"https:\/\/steredennvor.fr\/index.php\/photos-steredenn-vor\/assemblee-generale-du-16-01-2026\/\" \/>\n<meta property=\"og:locale\" content=\"fr_FR\" \/>\n<meta property=\"og:type\" content=\"article\" \/>\n<meta property=\"og:title\" content=\"Assembl\u00e9e G\u00e9n\u00e9rale du 16\/01\/2026 - STEREDENN VOR\" \/>\n<meta property=\"og:url\" content=\"https:\/\/steredennvor.fr\/index.php\/photos-steredenn-vor\/assemblee-generale-du-16-01-2026\/\" \/>\n<meta property=\"og:site_name\" content=\"STEREDENN VOR\" \/>\n<meta property=\"og:image\" content=\"https:\/\/steredennvor.fr\/wp-content\/uploads\/2026\/01\/20260116_193217-150x150.jpg\" \/>\n<meta name=\"twitter:card\" content=\"summary_large_image\" \/>\n<meta name=\"twitter:label1\" content=\"Dur\u00e9e de lecture estim\u00e9e\" \/>\n\t<meta name=\"twitter:data1\" content=\"1 minute\" \/>\n<script type=\"application\/ld+json\" class=\"yoast-schema-graph\">{\"@context\":\"https:\\\/\\\/schema.org\",\"@graph\":[{\"@type\":\"WebPage\",\"@id\":\"https:\\\/\\\/steredennvor.fr\\\/index.php\\\/photos-steredenn-vor\\\/assemblee-generale-du-16-01-2026\\\/\",\"url\":\"https:\\\/\\\/steredennvor.fr\\\/index.php\\\/photos-steredenn-vor\\\/assemblee-generale-du-16-01-2026\\\/\",\"name\":\"Assembl\u00e9e G\u00e9n\u00e9rale du 16\\\/01\\\/2026 - STEREDENN VOR\",\"isPartOf\":{\"@id\":\"https:\\\/\\\/steredennvor.fr\\\/#website\"},\"datePublished\":\"2026-01-17T07:46:04+00:00\",\"breadcrumb\":{\"@id\":\"https:\\\/\\\/steredennvor.fr\\\/index.php\\\/photos-steredenn-vor\\\/assemblee-generale-du-16-01-2026\\\/#breadcrumb\"},\"inLanguage\":\"fr-FR\",\"potentialAction\":[{\"@type\":\"ReadAction\",\"target\":[\"https:\\\/\\\/steredennvor.fr\\\/index.php\\\/photos-steredenn-vor\\\/assemblee-generale-du-16-01-2026\\\/\"]}]},{\"@type\":\"BreadcrumbList\",\"@id\":\"https:\\\/\\\/steredennvor.fr\\\/index.php\\\/photos-steredenn-vor\\\/assemblee-generale-du-16-01-2026\\\/#breadcrumb\",\"itemListElement\":[{\"@type\":\"ListItem\",\"position\":1,\"name\":\"Accueil\",\"item\":\"https:\\\/\\\/steredennvor.fr\\\/\"},{\"@type\":\"ListItem\",\"position\":2,\"name\":\"Photos et vid\u00e9os du Steredenn Vor\",\"item\":\"https:\\\/\\\/steredennvor.fr\\\/index.php\\\/photos-steredenn-vor\\\/\"},{\"@type\":\"ListItem\",\"position\":3,\"name\":\"Assembl\u00e9e G\u00e9n\u00e9rale du 16\\\/01\\\/2026\"}]},{\"@type\":\"WebSite\",\"@id\":\"https:\\\/\\\/steredennvor.fr\\\/#website\",\"url\":\"https:\\\/\\\/steredennvor.fr\\\/\",\"name\":\"STEREDENN VOR\",\"description\":\"ASSOCIATION STEREDENN VOR - LA TURBALLE\",\"publisher\":{\"@id\":\"https:\\\/\\\/steredennvor.fr\\\/#organization\"},\"potentialAction\":[{\"@type\":\"SearchAction\",\"target\":{\"@type\":\"EntryPoint\",\"urlTemplate\":\"https:\\\/\\\/steredennvor.fr\\\/?s={search_term_string}\"},\"query-input\":{\"@type\":\"PropertyValueSpecification\",\"valueRequired\":true,\"valueName\":\"search_term_string\"}}],\"inLanguage\":\"fr-FR\"},{\"@type\":\"Organization\",\"@id\":\"https:\\\/\\\/steredennvor.fr\\\/#organization\",\"name\":\"Association STEREDENN VOR\",\"url\":\"https:\\\/\\\/steredennvor.fr\\\/\",\"logo\":{\"@type\":\"ImageObject\",\"inLanguage\":\"fr-FR\",\"@id\":\"https:\\\/\\\/steredennvor.fr\\\/#\\\/schema\\\/logo\\\/image\\\/\",\"url\":\"https:\\\/\\\/steredennvor.fr\\\/wp-content\\\/uploads\\\/2024\\\/12\\\/logo-steredenn-vor-grand-format-20X20.png\",\"contentUrl\":\"https:\\\/\\\/steredennvor.fr\\\/wp-content\\\/uploads\\\/2024\\\/12\\\/logo-steredenn-vor-grand-format-20X20.png\",\"width\":1039,\"height\":1064,\"caption\":\"Association STEREDENN VOR\"},\"image\":{\"@id\":\"https:\\\/\\\/steredennvor.fr\\\/#\\\/schema\\\/logo\\\/image\\\/\"}}]}<\/script>\n<!-- \/ Yoast SEO plugin. -->","yoast_head_json":{"title":"Assembl\u00e9e G\u00e9n\u00e9rale du 16\/01\/2026 - STEREDENN VOR","robots":{"index":"index","follow":"follow","max-snippet":"max-snippet:-1","max-image-preview":"max-image-preview:large","max-video-preview":"max-video-preview:-1"},"canonical":"https:\/\/steredennvor.fr\/index.php\/photos-steredenn-vor\/assemblee-generale-du-16-01-2026\/","og_locale":"fr_FR","og_type":"article","og_title":"Assembl\u00e9e G\u00e9n\u00e9rale du 16\/01\/2026 - STEREDENN VOR","og_url":"https:\/\/steredennvor.fr\/index.php\/photos-steredenn-vor\/assemblee-generale-du-16-01-2026\/","og_site_name":"STEREDENN VOR","og_image":[{"url":"https:\/\/steredennvor.fr\/wp-content\/uploads\/2026\/01\/20260116_193217-150x150.jpg","type":"","width":"","height":""}],"twitter_card":"summary_large_image","twitter_misc":{"Dur\u00e9e de lecture estim\u00e9e":"1 minute"},"schema":{"@context":"https:\/\/schema.org","@graph":[{"@type":"WebPage","@id":"https:\/\/steredennvor.fr\/index.php\/photos-steredenn-vor\/assemblee-generale-du-16-01-2026\/","url":"https:\/\/steredennvor.fr\/index.php\/photos-steredenn-vor\/assemblee-generale-du-16-01-2026\/","name":"Assembl\u00e9e G\u00e9n\u00e9rale du 16\/01\/2026 - STEREDENN VOR","isPartOf":{"@id":"https:\/\/steredennvor.fr\/#website"},"datePublished":"2026-01-17T07:46:04+00:00","breadcrumb":{"@id":"https:\/\/steredennvor.fr\/index.php\/photos-steredenn-vor\/assemblee-generale-du-16-01-2026\/#breadcrumb"},"inLanguage":"fr-FR","potentialAction":[{"@type":"ReadAction","target":["https:\/\/steredennvor.fr\/index.php\/photos-steredenn-vor\/assemblee-generale-du-16-01-2026\/"]}]},{"@type":"BreadcrumbList","@id":"https:\/\/steredennvor.fr\/index.php\/photos-steredenn-vor\/assemblee-generale-du-16-01-2026\/#breadcrumb","itemListElement":[{"@type":"ListItem","position":1,"name":"Accueil","item":"https:\/\/steredennvor.fr\/"},{"@type":"ListItem","position":2,"name":"Photos et vid\u00e9os du Steredenn Vor","item":"https:\/\/steredennvor.fr\/index.php\/photos-steredenn-vor\/"},{"@type":"ListItem","position":3,"name":"Assembl\u00e9e G\u00e9n\u00e9rale du 16\/01\/2026"}]},{"@type":"WebSite","@id":"https:\/\/steredennvor.fr\/#website","url":"https:\/\/steredennvor.fr\/","name":"STEREDENN VOR","description":"ASSOCIATION STEREDENN VOR - LA TURBALLE","publisher":{"@id":"https:\/\/steredennvor.fr\/#organization"},"potentialAction":[{"@type":"SearchAction","target":{"@type":"EntryPoint","urlTemplate":"https:\/\/steredennvor.fr\/?s={search_term_string}"},"query-input":{"@type":"PropertyValueSpecification","valueRequired":true,"valueName":"search_term_string"}}],"inLanguage":"fr-FR"},{"@type":"Organization","@id":"https:\/\/steredennvor.fr\/#organization","name":"Association STEREDENN VOR","url":"https:\/\/steredennvor.fr\/","logo":{"@type":"ImageObject","inLanguage":"fr-FR","@id":"https:\/\/steredennvor.fr\/#\/schema\/logo\/image\/","url":"https:\/\/steredennvor.fr\/wp-content\/uploads\/2024\/12\/logo-steredenn-vor-grand-format-20X20.png","contentUrl":"https:\/\/steredennvor.fr\/wp-content\/uploads\/2024\/12\/logo-steredenn-vor-grand-format-20X20.png","width":1039,"height":1064,"caption":"Association STEREDENN VOR"},"image":{"@id":"https:\/\/steredennvor.fr\/#\/schema\/logo\/image\/"}}]}},"_links":{"self":[{"href":"https:\/\/steredennvor.fr\/index.php\/wp-json\/wp\/v2\/pages\/3490","targetHints":{"allow":["GET"]}}],"collection":[{"href":"https:\/\/steredennvor.fr\/index.php\/wp-json\/wp\/v2\/pages"}],"about":[{"href":"https:\/\/steredennvor.fr\/index.php\/wp-json\/wp\/v2\/types\/page"}],"author":[{"embeddable":true,"href":"https:\/\/steredennvor.fr\/index.php\/wp-json\/wp\/v2\/users\/2"}],"replies":[{"embeddable":true,"href":"https:\/\/steredennvor.fr\/index.php\/wp-json\/wp\/v2\/comments?post=3490"}],"version-history":[{"count":1,"href":"https:\/\/steredennvor.fr\/index.php\/wp-json\/wp\/v2\/pages\/3490\/revisions"}],"predecessor-version":[{"id":3491,"href":"https:\/\/steredennvor.fr\/index.php\/wp-json\/wp\/v2\/pages\/3490\/revisions\/3491"}],"up":[{"embeddable":true,"href":"https:\/\/steredennvor.fr\/index.php\/wp-json\/wp\/v2\/pages\/426"}],"wp:attachment":[{"href":"https:\/\/steredennvor.fr\/index.php\/wp-json\/wp\/v2\/media?parent=3490"}],"curies":[{"name":"wp","href":"https:\/\/api.w.org\/{rel}","templated":true}]}}